{"id":13,"date":"2014-12-10T18:49:46","date_gmt":"2014-12-10T17:49:46","guid":{"rendered":"http:\/\/ndsacerdoce.wordpress.com\/?page_id=13"},"modified":"2014-12-10T18:49:46","modified_gmt":"2014-12-10T17:49:46","slug":"presentation","status":"publish","type":"page","link":"https:\/\/mariemeredespretres.org\/blog\/a-propos\/presentation\/","title":{"rendered":"Pr\u00e9sentation"},"content":{"rendered":"<p><span class=\"userContent\">La Mission Marie M\u00e8re des Pr\u00eatres a pour but de soutenir la vie fraternelle des pr\u00eatres et de venir en aide aux pr\u00eatres et s\u00e9minaristes en difficult\u00e9 par la pri\u00e8re et par l&rsquo;action.<\/span><\/p>\n<p>Un des moyens que nous proposons est de s&rsquo;engager \u00e0 communier le jeudi \u00e0 cette intention et de faire un effort personnel offert pour le sacerdoce.<\/p>\n<p>En plus, il s&rsquo;agit de saisir les occasions qui se pr\u00e9sentent pour des actions de soutien aux pr\u00eatres et \u00e0 leur fraternit\u00e9.<\/p>\n<p><a href=\"https:\/\/mariemeredespretres.org\/\">https:\/\/mariemeredespretres.org\/<\/a><\/p>\n<p>&nbsp;<\/p>\n<p><a href=\"https:\/\/mariemeredespretres.org\/\"><img loading=\"lazy\" decoding=\"async\" class=\"alignnone size-full wp-image-145\" src=\"https:\/\/mariemeredespretres.org\/blog\/wp-content\/uploads\/2017\/08\/carte-pric3a8re-recto.jpg\" alt=\"carte pri\u00e8re recto\" width=\"2481\" height=\"3508\" \/><\/a><\/p>\n","protected":false},"excerpt":{"rendered":"<p>La Mission Marie M\u00e8re des Pr\u00eatres a pour but de soutenir la vie fraternelle des pr\u00eatres et de venir en aide aux pr\u00eatres et s\u00e9minaristes en difficult\u00e9 par la pri\u00e8re et par l&rsquo;action. Un des moyens que nous proposons est de s&rsquo;engager \u00e0 communier le jeudi \u00e0 cette intention et de faire un effort personnel&hellip; <a class=\"more-link\" href=\"https:\/\/mariemeredespretres.org\/blog\/a-propos\/presentation\/\">Poursuivre la lecture <span class=\"screen-reader-text\">Pr\u00e9sentation<\/span><\/a><\/p>\n","protected":false},"author":1,"featured_media":0,"parent":7,"menu_order":0,"comment_status":"open","ping_status":"closed","template":"","meta":{"footnotes":""},"class_list":["post-13","page","type-page","status-publish","hentry","entry"],"_links":{"self":[{"href":"https:\/\/mariemeredespretres.org\/blog\/wp-json\/wp\/v2\/pages\/13","targetHints":{"allow":["GET"]}}],"collection":[{"href":"https:\/\/mariemeredespretres.org\/blog\/wp-json\/wp\/v2\/pages"}],"about":[{"href":"https:\/\/mariemeredespretres.org\/blog\/wp-json\/wp\/v2\/types\/page"}],"author":[{"embeddable":true,"href":"https:\/\/mariemeredespretres.org\/blog\/wp-json\/wp\/v2\/users\/1"}],"replies":[{"embeddable":true,"href":"https:\/\/mariemeredespretres.org\/blog\/wp-json\/wp\/v2\/comments?post=13"}],"version-history":[{"count":0,"href":"https:\/\/mariemeredespretres.org\/blog\/wp-json\/wp\/v2\/pages\/13\/revisions"}],"up":[{"embeddable":true,"href":"https:\/\/mariemeredespretres.org\/blog\/wp-json\/wp\/v2\/pages\/7"}],"wp:attachment":[{"href":"https:\/\/mariemeredespretres.org\/blog\/wp-json\/wp\/v2\/media?parent=13"}],"curies":[{"name":"wp","href":"https:\/\/api.w.org\/{rel}","templated":true}]}}